{"id":9,"date":"2020-04-04T17:04:17","date_gmt":"2020-04-04T17:04:17","guid":{"rendered":"https:\/\/guidecyprus.com\/?page_id=9"},"modified":"2020-04-04T17:04:17","modified_gmt":"2020-04-04T17:04:17","slug":"kibris-rehberi","status":"publish","type":"page","link":"https:\/\/guidecyprus.com\/tr\/","title":{"rendered":"K\u0131br\u0131s Rehberi"},"content":{"rendered":"<h1><strong>K\u0131br\u0131s\u2019\u0131 Ke\u015ffetmeye Haz\u0131r m\u0131s\u0131n\u0131z? <\/strong><\/h1>\n<p>Akdeniz\u2019in en parlak denizinin ortas\u0131nda masmavi ve yemye\u015fil bir ada hayat\u0131 ile\u00a0her sezon ayr\u0131 g\u00fczellikler vadediyor. Y\u0131l boyunca yerli ve yabanc\u0131 turistleri a\u011f\u0131rlayan ve\u00a0\u00f6zellikle yaz sezonu a\u00e7\u0131ld\u0131\u011f\u0131nda d\u00fcnyan\u0131n d\u00f6rt bir yan\u0131nda b\u00fcy\u00fck bir turist yo\u011funlu\u011fuyla kar\u015f\u0131la\u015f\u0131yor. Akdeniz\u2019in en b\u00fcy\u00fck \u00fc\u00e7\u00fcnc\u00fc adas\u0131 ve turizmin odak merkezlerinden biri kabul olarak ediliyor. Adan\u0131n\u00a0ye\u015fil iklimi, temiz ve mavi denizi aday\u0131 adeta cazibe merkezi haline getiriyor. Her sene d\u00fczenlenen<strong>\u00a0<\/strong>turlar\u00a0ile g\u00fcnl\u00fck, haftal\u0131k ve ayl\u0131k periyotlarla turistlerin <strong>K\u0131br\u0131s<\/strong>\u2019\u0131 gezmesini sa\u011flan\u0131yor. <strong>K\u0131br\u0131s gezilecek yerler<\/strong> a\u00e7\u0131s\u0131ndan geni\u015f bir yelpazeye sahip. M\u00fczeler, parklar, ormanlar, do\u011fal yap\u0131lar, mimariler ve inan\u00e7 merkezleri ile ziyaret\u00e7ilere keyifli anlar ya\u015fat\u0131yor. <strong>K\u0131br\u0131s k\u00fclt\u00fcr turlar\u0131<\/strong>, yaz ve k\u0131\u015f sezonu boyunca devam eden, adan\u0131n k\u00fclt\u00fcrel mek\u00e2nlar\u0131n\u0131 ke\u015ffetmeye y\u00f6nelik haz\u0131rlanarak \u015fehirlerin k\u00fclt\u00fcrel miraslar\u0131n\u0131n yak\u0131ndan g\u00f6r\u00fclmesini sa\u011fl\u0131yor.<\/p>\n<p><strong>K\u0131br\u0131s<\/strong>&#8216;ta g\u00fczel bir tatil turu ge\u00e7irmek, <strong>K\u0131br\u0131s<\/strong>\u2019\u0131 ba\u015ftan sona ke\u015ffetmek i\u00e7in<strong> Guidecyprus<\/strong>\u2019u ziyaret ederek geni\u015f bilgiler elde edebilirsiniz. <strong>K\u0131br\u0131s<\/strong> ile ilgili g\u00fcncel bilgileri yak\u0131ndan takip edebilmek i\u00e7in bizi takip edebilirsiniz.<\/p>\n<p style=\"text-align: right;\"><a href=\"\/?page_id=3600\">Daha fazla bilgi i\u00e7in &gt;&gt;<\/a><\/p>\n","protected":false},"excerpt":{"rendered":"<p>K\u0131br\u0131s\u2019\u0131 Ke\u015ffetmeye Haz\u0131r m\u0131s\u0131n\u0131z? Akdeniz\u2019in en parlak denizinin ortas\u0131nda masmavi ve yemye\u015fil bir ada hayat\u0131 ile\u00a0her sezon ayr\u0131 g\u00fczellikler vadediyor. Y\u0131l boyunca yerli ve yabanc\u0131 turistleri a\u011f\u0131rlayan ve\u00a0\u00f6zellikle yaz sezonu a\u00e7\u0131ld\u0131\u011f\u0131nda d\u00fcnyan\u0131n d\u00f6rt bir yan\u0131nda b\u00fcy\u00fck bir turist yo\u011funlu\u011fuyla kar\u015f\u0131la\u015f\u0131yor. Akdeniz\u2019in en b\u00fcy\u00fck \u00fc\u00e7\u00fcnc\u00fc adas\u0131 ve turizmin odak merkezlerinden biri kabul olarak ediliyor. Adan\u0131n\u00a0ye\u015fil iklimi, temiz ve mavi denizi aday\u0131 adeta cazibe merkezi haline getiriyor. Her sene d\u00fczenlenen\u00a0turlar\u00a0ile g\u00fcnl\u00fck, haftal\u0131k ve ayl\u0131k periyotlarla turistlerin K\u0131br\u0131s\u2019\u0131 gezmesini sa\u011flan\u0131yor. K\u0131br\u0131s gezilecek yerler a\u00e7\u0131s\u0131ndan geni\u015f bir yelpazeye sahip. M\u00fczeler, parklar, ormanlar, do\u011fal yap\u0131lar, mimariler ve inan\u00e7 merkezleri ile ziyaret\u00e7ilere keyifli anlar ya\u015fat\u0131yor. K\u0131br\u0131s <\/p>\n","protected":false},"author":1,"featured_media":0,"parent":0,"menu_order":0,"comment_status":"closed","ping_status":"closed","template":"","meta":{"_acf_changed":false,"footnotes":""},"class_list":["post-9","page","type-page","status-publish","hentry"],"acf":[],"yoast_head":"<!-- This site is optimized with the Yoast SEO plugin v26.9 - https:\/\/yoast.com\/product\/yoast-seo-wordpress\/ -->\n<title>K\u0131br\u0131s Rehberi - K\u0131br\u0131s Casinolar\u0131 - K\u0131br\u0131s Tatil - Guide Cyprus<\/title>\n<meta name=\"description\" content=\"K\u0131br\u0131s&#039;ta g\u00fczel bir tatil turu ge\u00e7irmek, K\u0131br\u0131s\u2019\u0131 ba\u015ftan sona ke\u015ffetmek i\u00e7in Guidecyprus\u2019u ziyaret ederek geni\u015f bilgiler elde edebilirsiniz. K\u0131br\u0131s ile\" \/>\n<meta name=\"robots\" content=\"index, follow, max-snippet:-1, max-image-preview:large, max-video-preview:-1\" \/>\n<link rel=\"canonical\" href=\"https:\/\/guidecyprus.com\/tr\/\" \/>\n<meta property=\"og:locale\" content=\"tr_TR\" \/>\n<meta property=\"og:type\" content=\"article\" \/>\n<meta property=\"og:title\" content=\"K\u0131br\u0131s Rehberi - K\u0131br\u0131s Casinolar\u0131 - K\u0131br\u0131s Tatil - Guide Cyprus\" \/>\n<meta property=\"og:description\" content=\"K\u0131br\u0131s&#039;ta g\u00fczel bir tatil turu ge\u00e7irmek, K\u0131br\u0131s\u2019\u0131 ba\u015ftan sona ke\u015ffetmek i\u00e7in Guidecyprus\u2019u ziyaret ederek geni\u015f bilgiler elde edebilirsiniz. K\u0131br\u0131s ile\" \/>\n<meta property=\"og:url\" content=\"https:\/\/guidecyprus.com\/tr\/\" \/>\n<meta property=\"og:site_name\" content=\"Guide Cyprus\" \/>\n<meta name=\"twitter:card\" content=\"summary_large_image\" \/>\n<meta name=\"twitter:label1\" content=\"Tahmini okuma s\u00fcresi\" \/>\n\t<meta name=\"twitter:data1\" content=\"1 dakika\" \/>\n<script type=\"application\/ld+json\" class=\"yoast-schema-graph\">{\"@context\":\"https:\/\/schema.org\",\"@graph\":[{\"@type\":\"WebPage\",\"@id\":\"https:\/\/guidecyprus.com\/tr\/\",\"url\":\"https:\/\/guidecyprus.com\/tr\/\",\"name\":\"K\u0131br\u0131s Rehberi - K\u0131br\u0131s Casinolar\u0131 - K\u0131br\u0131s Tatil - Guide Cyprus\",\"isPartOf\":{\"@id\":\"https:\/\/guidecyprus.com\/tr\/#website\"},\"datePublished\":\"2020-04-04T17:04:17+00:00\",\"description\":\"K\u0131br\u0131s'ta g\u00fczel bir tatil turu ge\u00e7irmek, K\u0131br\u0131s\u2019\u0131 ba\u015ftan sona ke\u015ffetmek i\u00e7in Guidecyprus\u2019u ziyaret ederek geni\u015f bilgiler elde edebilirsiniz. K\u0131br\u0131s ile\",\"breadcrumb\":{\"@id\":\"https:\/\/guidecyprus.com\/tr\/#breadcrumb\"},\"inLanguage\":\"tr\",\"potentialAction\":[{\"@type\":\"ReadAction\",\"target\":[\"https:\/\/guidecyprus.com\/tr\/\"]}]},{\"@type\":\"BreadcrumbList\",\"@id\":\"https:\/\/guidecyprus.com\/tr\/#breadcrumb\",\"itemListElement\":[{\"@type\":\"ListItem\",\"position\":1,\"name\":\"Home\",\"item\":\"https:\/\/guidecyprus.com\/tr\/\"},{\"@type\":\"ListItem\",\"position\":2,\"name\":\"K\u0131br\u0131s Rehberi\"}]},{\"@type\":\"WebSite\",\"@id\":\"https:\/\/guidecyprus.com\/tr\/#website\",\"url\":\"https:\/\/guidecyprus.com\/tr\/\",\"name\":\"Guide Cyprus\",\"description\":\"All you want to know about Cyprus\",\"potentialAction\":[{\"@type\":\"SearchAction\",\"target\":{\"@type\":\"EntryPoint\",\"urlTemplate\":\"https:\/\/guidecyprus.com\/tr\/?s={search_term_string}\"},\"query-input\":{\"@type\":\"PropertyValueSpecification\",\"valueRequired\":true,\"valueName\":\"search_term_string\"}}],\"inLanguage\":\"tr\"}]}<\/script>\n<!-- \/ Yoast SEO plugin. -->","yoast_head_json":{"title":"K\u0131br\u0131s Rehberi - K\u0131br\u0131s Casinolar\u0131 - K\u0131br\u0131s Tatil - Guide Cyprus","description":"K\u0131br\u0131s'ta g\u00fczel bir tatil turu ge\u00e7irmek, K\u0131br\u0131s\u2019\u0131 ba\u015ftan sona ke\u015ffetmek i\u00e7in Guidecyprus\u2019u ziyaret ederek geni\u015f bilgiler elde edebilirsiniz. K\u0131br\u0131s ile","robots":{"index":"index","follow":"follow","max-snippet":"max-snippet:-1","max-image-preview":"max-image-preview:large","max-video-preview":"max-video-preview:-1"},"canonical":"https:\/\/guidecyprus.com\/tr\/","og_locale":"tr_TR","og_type":"article","og_title":"K\u0131br\u0131s Rehberi - K\u0131br\u0131s Casinolar\u0131 - K\u0131br\u0131s Tatil - Guide Cyprus","og_description":"K\u0131br\u0131s'ta g\u00fczel bir tatil turu ge\u00e7irmek, K\u0131br\u0131s\u2019\u0131 ba\u015ftan sona ke\u015ffetmek i\u00e7in Guidecyprus\u2019u ziyaret ederek geni\u015f bilgiler elde edebilirsiniz. K\u0131br\u0131s ile","og_url":"https:\/\/guidecyprus.com\/tr\/","og_site_name":"Guide Cyprus","twitter_card":"summary_large_image","twitter_misc":{"Tahmini okuma s\u00fcresi":"1 dakika"},"schema":{"@context":"https:\/\/schema.org","@graph":[{"@type":"WebPage","@id":"https:\/\/guidecyprus.com\/tr\/","url":"https:\/\/guidecyprus.com\/tr\/","name":"K\u0131br\u0131s Rehberi - K\u0131br\u0131s Casinolar\u0131 - K\u0131br\u0131s Tatil - Guide Cyprus","isPartOf":{"@id":"https:\/\/guidecyprus.com\/tr\/#website"},"datePublished":"2020-04-04T17:04:17+00:00","description":"K\u0131br\u0131s'ta g\u00fczel bir tatil turu ge\u00e7irmek, K\u0131br\u0131s\u2019\u0131 ba\u015ftan sona ke\u015ffetmek i\u00e7in Guidecyprus\u2019u ziyaret ederek geni\u015f bilgiler elde edebilirsiniz. K\u0131br\u0131s ile","breadcrumb":{"@id":"https:\/\/guidecyprus.com\/tr\/#breadcrumb"},"inLanguage":"tr","potentialAction":[{"@type":"ReadAction","target":["https:\/\/guidecyprus.com\/tr\/"]}]},{"@type":"BreadcrumbList","@id":"https:\/\/guidecyprus.com\/tr\/#breadcrumb","itemListElement":[{"@type":"ListItem","position":1,"name":"Home","item":"https:\/\/guidecyprus.com\/tr\/"},{"@type":"ListItem","position":2,"name":"K\u0131br\u0131s Rehberi"}]},{"@type":"WebSite","@id":"https:\/\/guidecyprus.com\/tr\/#website","url":"https:\/\/guidecyprus.com\/tr\/","name":"Guide Cyprus","description":"All you want to know about Cyprus","potentialAction":[{"@type":"SearchAction","target":{"@type":"EntryPoint","urlTemplate":"https:\/\/guidecyprus.com\/tr\/?s={search_term_string}"},"query-input":{"@type":"PropertyValueSpecification","valueRequired":true,"valueName":"search_term_string"}}],"inLanguage":"tr"}]}},"_links":{"self":[{"href":"https:\/\/guidecyprus.com\/tr\/wp-json\/wp\/v2\/pages\/9","targetHints":{"allow":["GET"]}}],"collection":[{"href":"https:\/\/guidecyprus.com\/tr\/wp-json\/wp\/v2\/pages"}],"about":[{"href":"https:\/\/guidecyprus.com\/tr\/wp-json\/wp\/v2\/types\/page"}],"author":[{"embeddable":true,"href":"https:\/\/guidecyprus.com\/tr\/wp-json\/wp\/v2\/users\/1"}],"replies":[{"embeddable":true,"href":"https:\/\/guidecyprus.com\/tr\/wp-json\/wp\/v2\/comments?post=9"}],"version-history":[{"count":1,"href":"https:\/\/guidecyprus.com\/tr\/wp-json\/wp\/v2\/pages\/9\/revisions"}],"predecessor-version":[{"id":10,"href":"https:\/\/guidecyprus.com\/tr\/wp-json\/wp\/v2\/pages\/9\/revisions\/10"}],"wp:attachment":[{"href":"https:\/\/guidecyprus.com\/tr\/wp-json\/wp\/v2\/media?parent=9"}],"curies":[{"name":"wp","href":"https:\/\/api.w.org\/{rel}","templated":true}]}}