{"id":22,"date":"2020-04-05T11:14:15","date_gmt":"2020-04-05T11:14:15","guid":{"rendered":"https:\/\/guidecyprus.com\/?page_id=22"},"modified":"2020-04-05T11:14:15","modified_gmt":"2020-04-05T11:14:15","slug":"kibris-acil-durum-telefon-numaralari","status":"publish","type":"page","link":"https:\/\/guidecyprus.com\/tr\/kibris-acil-durum-telefon-numaralari\/","title":{"rendered":"K\u0131br\u0131s Acil Durum Telefon Numaralar\u0131"},"content":{"rendered":"<p>K\u0131br\u0131s&#8217;ta acil durumlarda gerekli olabilecek polis, itfaiye, ambulans, hastane ve benzeri bir \u00e7ok telefon numaralar\u0131 a\u015fa\u011f\u0131da yer almaktad\u0131r.<\/p>\n<table border=\"0\" width=\"89%\" cellspacing=\"0\" cellpadding=\"0\">\n<tbody>\n<tr>\n<td width=\"50%\">\n<h2>Polis<\/h2>\n<\/td>\n<td width=\"50%\"><\/td>\n<\/tr>\n<tr>\n<td class=\"darkText\">Acil:<\/td>\n<td>155<\/td>\n<\/tr>\n<tr>\n<td>Genel:<\/td>\n<td>+90 392 228 34 11<\/td>\n<\/tr>\n<tr>\n<td>Girne:<\/td>\n<td>+90 392 815 21 25<\/td>\n<\/tr>\n<tr>\n<td>Lefko\u015fa:<\/td>\n<td>+90 392 288 33 11<\/td>\n<\/tr>\n<tr>\n<td>Gazima\u011fusa:<\/td>\n<td>+90 392 366 53 10<\/td>\n<\/tr>\n<tr>\n<td>Guzelyurt:<\/td>\n<td>+90 392 714 2140<\/td>\n<\/tr>\n<tr>\n<td height=\"18\"><\/td>\n<td><\/td>\n<\/tr>\n<tr>\n<td>\n<h2>\u0130tfaiye<\/h2>\n<\/td>\n<td><\/td>\n<\/tr>\n<tr>\n<td class=\"darkText\">Acil:<\/td>\n<td>199<\/td>\n<\/tr>\n<tr>\n<td>Orman Yang\u0131n\u0131:<\/td>\n<td>177<\/td>\n<\/tr>\n<tr>\n<td>Girne:<\/td>\n<td>+90 392 815 2111<\/td>\n<\/tr>\n<tr>\n<td>Lefko\u015fa:<\/td>\n<td>+90 392 227 1259<\/td>\n<\/tr>\n<tr>\n<td>Gazima\u011fusa:<\/td>\n<td>+90 392 366 5389<\/td>\n<\/tr>\n<tr>\n<td>Guzelyurt:<\/td>\n<td>+90 392 714 2200<\/td>\n<\/tr>\n<tr>\n<td><\/td>\n<td><\/td>\n<\/tr>\n<tr>\n<td>\n<h2>Sahil G\u00fcvenlik<\/h2>\n<\/td>\n<td><\/td>\n<\/tr>\n<tr>\n<td class=\"darkText\">Acil:<\/td>\n<td>158<\/td>\n<\/tr>\n<tr>\n<td><\/td>\n<td><\/td>\n<\/tr>\n<tr>\n<td>\n<h2>Ambulans<\/h2>\n<\/td>\n<td><\/td>\n<\/tr>\n<tr>\n<td class=\"darkText\">Acil:<\/td>\n<td>112<\/td>\n<\/tr>\n<tr>\n<td class=\"darkText\">Lefko\u015fa\u00a0Cyprus Life Hospital:<\/td>\n<td>1144<\/td>\n<\/tr>\n<tr>\n<td class=\"darkText\">Lefko\u015fa \/ Girne Yak\u0131n Do\u011fu Hospital:<\/td>\n<td>153<\/td>\n<\/tr>\n<tr>\n<td class=\"darkText\">Lefko\u015fa \/ Girne Kolan British Hospital:<\/td>\n<td>1199<\/td>\n<\/tr>\n<tr>\n<td><\/td>\n<td><\/td>\n<\/tr>\n<tr>\n<td>\n<h2>Hastaneler<\/h2>\n<\/td>\n<td><\/td>\n<\/tr>\n<tr>\n<td>Girne:<\/td>\n<td>+90 392 815 2266 \/+90 392 815 2254<\/td>\n<\/tr>\n<tr>\n<td>Lefko\u015fa:<\/td>\n<td>+90 392 228 5441<\/td>\n<\/tr>\n<tr>\n<td>Gazima\u011fusa:<\/td>\n<td>+90 392 366 2876 \/+90 392 366 5328<\/td>\n<\/tr>\n<tr>\n<td>Guzelyurt:<\/td>\n<td>+90 392 714 2125<\/td>\n<\/tr>\n<tr>\n<td><\/td>\n<td><\/td>\n<\/tr>\n<tr>\n<td>\n<h2>Sivil Savunma Dairesi<\/h2>\n<\/td>\n<td><\/td>\n<\/tr>\n<tr>\n<td>Herhangi salg\u0131n ve acil durum i\u00e7in:<\/td>\n<td><\/td>\n<\/tr>\n<tr>\n<td>Lefko\u015fa:<\/td>\n<td>+90 392 228 3036<\/td>\n<\/tr>\n<tr>\n<td>Girne:<\/td>\n<td>+90 392 815 4985<\/td>\n<\/tr>\n<tr>\n<td><\/td>\n<td><\/td>\n<\/tr>\n<tr>\n<td>\n<h2>Telekom\u00fcnikasyon<\/h2>\n<\/td>\n<td><\/td>\n<\/tr>\n<tr>\n<td>Bilinmeyen numaralar servisi<\/td>\n<td>192<\/td>\n<\/tr>\n<tr>\n<td>Telefon Ar\u0131za<\/td>\n<td>161<\/td>\n<\/tr>\n<tr>\n<td>Fatura Sorgulama<\/td>\n<td>163<\/td>\n<\/tr>\n<tr>\n<td><\/td>\n<td><\/td>\n<\/tr>\n<tr>\n<td>\n<h2>Elektrik Hizmetleri<\/h2>\n<\/td>\n<td><\/td>\n<\/tr>\n<tr>\n<td>Elektrik Ar\u0131za Telefonlar\u0131:<\/td>\n<td><\/td>\n<\/tr>\n<tr>\n<td>Lefko\u015fa<\/td>\n<td>+90 392 227 3436<\/td>\n<\/tr>\n<tr>\n<td>Girne<\/td>\n<td>+90 392 815 2223<\/td>\n<\/tr>\n<tr>\n<td>Gazima\u011fusa<\/td>\n<td>+90 392 366 5514<\/td>\n<\/tr>\n<tr>\n<td>Guzelyurt<\/td>\n<td>+90 392 714 2122<\/td>\n<\/tr>\n<tr>\n<td><\/td>\n<td><\/td>\n<\/tr>\n<tr>\n<td>\n<h2>Su Hizmetleri<\/h2>\n<\/td>\n<td><\/td>\n<\/tr>\n<tr>\n<td>Su Ar\u0131za Telefonlar\u0131:<\/td>\n<td><\/td>\n<\/tr>\n<tr>\n<td>Lefko\u015fa:<\/td>\n<td>+90 392 228 3315<\/td>\n<\/tr>\n<tr>\n<td>Girne:<\/td>\n<td>+90 392 815 2118<\/td>\n<\/tr>\n<tr>\n<td>Gazima\u011fusa:<\/td>\n<td>+90 392 366 4483<\/td>\n<\/tr>\n<tr>\n<td>Guzelyurt<\/td>\n<td>+90 392 714 3516<\/td>\n<\/tr>\n<tr>\n<td><\/td>\n<td><\/td>\n<\/tr>\n<tr>\n<td>\n<h2>Belediyeler<\/h2>\n<\/td>\n<td><\/td>\n<\/tr>\n<tr>\n<td>Lefko\u015fa<\/td>\n<td>+90 392 228 5221<\/td>\n<\/tr>\n<tr>\n<td>Girne:<\/td>\n<td>+90 392 815 2118<\/td>\n<\/tr>\n<tr>\n<td>Gazima\u011fusa:<\/td>\n<td>+90 392 366 5332<\/td>\n<\/tr>\n<tr>\n<td>Gulelyurt<\/td>\n<td>+90 392 714 2018<\/td>\n<\/tr>\n<tr>\n<td><\/td>\n<td><\/td>\n<\/tr>\n<tr>\n<td>\n<h2>Sa\u011fl\u0131k \u00d6nerileri<\/h2>\n<\/td>\n<td><\/td>\n<\/tr>\n<tr>\n<td>8:00-23:00<\/td>\n<td>+90 392 815 4929\/+90 392 821 2743<\/td>\n<\/tr>\n<tr>\n<td colspan=\"2\"><\/td>\n<\/tr>\n<tr>\n<td><\/td>\n<td><\/td>\n<\/tr>\n<tr>\n<td>\n<h2>Hava Tahmini<\/h2>\n<\/td>\n<td>166<\/td>\n<\/tr>\n<tr>\n<td><\/td>\n<td><\/td>\n<\/tr>\n<tr>\n<td>\n<h2>Terk Edilmi\u015f Hayvanlar \u0130\u00e7in<\/h2>\n<\/td>\n<td>+90 392 815 3390<\/td>\n<\/tr>\n<tr>\n<td><\/td>\n<td><\/td>\n<\/tr>\n<tr>\n<td>\n<h2>Mezarl\u0131k Komitesi<\/h2>\n<\/td>\n<td>+90 392 825 2443\/+90 392 815 4934<\/td>\n<\/tr>\n<tr>\n<td><\/td>\n<td><\/td>\n<\/tr>\n<tr>\n<td>\n<h2>Acil Pastoral Bak\u0131m\u0131<\/h2>\n<\/td>\n<td><\/td>\n<\/tr>\n<tr>\n<td>Anglican<\/td>\n<td>+90 392 815 4329<\/td>\n<\/tr>\n<tr>\n<td>Jewish Rabbi Dr David Heinemann<\/td>\n<td>+90 392 815 7541<\/td>\n<\/tr>\n<tr>\n<td>Free church Rev Roy Symons<\/td>\n<td>+90 392 824 477<\/td>\n<\/tr>\n<tr>\n<td><\/td>\n<td><\/td>\n<\/tr>\n<tr>\n<td>\n<h2>\u0130ngilizler Derne\u011fi<\/h2>\n<\/td>\n<td><\/td>\n<\/tr>\n<tr>\n<td>Welfare Liaison: Prue Lundie<\/td>\n<td>+90 392 822 2546<\/td>\n<\/tr>\n<\/tbody>\n<\/table>\n","protected":false},"excerpt":{"rendered":"<p>K\u0131br\u0131s&#8217;ta acil durumlarda gerekli olabilecek polis, itfaiye, ambulans, hastane ve benzeri bir \u00e7ok telefon numaralar\u0131 a\u015fa\u011f\u0131da yer almaktad\u0131r. Polis Acil: 155 Genel: +90 392 228 34 11 Girne: +90 392 815 21 25 Lefko\u015fa: +90 392 288 33 11 Gazima\u011fusa: +90 392 366 53 10 Guzelyurt: +90 392 714 2140 \u0130tfaiye Acil: 199 Orman Yang\u0131n\u0131: 177 Girne: +90 392 815 2111 Lefko\u015fa: +90 392 227 1259 Gazima\u011fusa: +90 392 366 5389 Guzelyurt: +90 392 714 2200 Sahil G\u00fcvenlik Acil: 158 Ambulans Acil: 112 Lefko\u015fa\u00a0Cyprus Life Hospital: 1144 Lefko\u015fa \/ Girne Yak\u0131n Do\u011fu Hospital: 153 Lefko\u015fa \/ Girne Kolan British Hospital: <\/p>\n","protected":false},"author":1,"featured_media":0,"parent":0,"menu_order":0,"comment_status":"closed","ping_status":"closed","template":"","meta":{"_acf_changed":false,"footnotes":""},"class_list":["post-22","page","type-page","status-publish","hentry"],"acf":[],"yoast_head":"<!-- This site is optimized with the Yoast SEO plugin v26.9 - https:\/\/yoast.com\/product\/yoast-seo-wordpress\/ -->\n<title>K\u0131br\u0131s Acil Durum Telefon Numaralar\u0131 - Guide Cyprus<\/title>\n<meta name=\"robots\" content=\"index, follow, max-snippet:-1, max-image-preview:large, max-video-preview:-1\" \/>\n<link rel=\"canonical\" href=\"https:\/\/guidecyprus.com\/tr\/kibris-acil-durum-telefon-numaralari\/\" \/>\n<meta property=\"og:locale\" content=\"tr_TR\" \/>\n<meta property=\"og:type\" content=\"article\" \/>\n<meta property=\"og:title\" content=\"K\u0131br\u0131s Acil Durum Telefon Numaralar\u0131 - Guide Cyprus\" \/>\n<meta property=\"og:description\" content=\"K\u0131br\u0131s&#8217;ta acil durumlarda gerekli olabilecek polis, itfaiye, ambulans, hastane ve benzeri bir \u00e7ok telefon numaralar\u0131 a\u015fa\u011f\u0131da yer almaktad\u0131r. Polis Acil: 155 Genel: +90 392 228 34 11 Girne: +90 392 815 21 25 Lefko\u015fa: +90 392 288 33 11 Gazima\u011fusa: +90 392 366 53 10 Guzelyurt: +90 392 714 2140 \u0130tfaiye Acil: 199 Orman Yang\u0131n\u0131: 177 Girne: +90 392 815 2111 Lefko\u015fa: +90 392 227 1259 Gazima\u011fusa: +90 392 366 5389 Guzelyurt: +90 392 714 2200 Sahil G\u00fcvenlik Acil: 158 Ambulans Acil: 112 Lefko\u015fa\u00a0Cyprus Life Hospital: 1144 Lefko\u015fa \/ Girne Yak\u0131n Do\u011fu Hospital: 153 Lefko\u015fa \/ Girne Kolan British Hospital:\" \/>\n<meta property=\"og:url\" content=\"https:\/\/guidecyprus.com\/tr\/kibris-acil-durum-telefon-numaralari\/\" \/>\n<meta property=\"og:site_name\" content=\"Guide Cyprus\" \/>\n<meta name=\"twitter:card\" content=\"summary_large_image\" \/>\n<meta name=\"twitter:label1\" content=\"Tahmini okuma s\u00fcresi\" \/>\n\t<meta name=\"twitter:data1\" content=\"1 dakika\" \/>\n<script type=\"application\/ld+json\" class=\"yoast-schema-graph\">{\"@context\":\"https:\/\/schema.org\",\"@graph\":[{\"@type\":\"WebPage\",\"@id\":\"https:\/\/guidecyprus.com\/tr\/kibris-acil-durum-telefon-numaralari\/\",\"url\":\"https:\/\/guidecyprus.com\/tr\/kibris-acil-durum-telefon-numaralari\/\",\"name\":\"K\u0131br\u0131s Acil Durum Telefon Numaralar\u0131 - Guide Cyprus\",\"isPartOf\":{\"@id\":\"https:\/\/guidecyprus.com\/tr\/#website\"},\"datePublished\":\"2020-04-05T11:14:15+00:00\",\"breadcrumb\":{\"@id\":\"https:\/\/guidecyprus.com\/tr\/kibris-acil-durum-telefon-numaralari\/#breadcrumb\"},\"inLanguage\":\"tr\",\"potentialAction\":[{\"@type\":\"ReadAction\",\"target\":[\"https:\/\/guidecyprus.com\/tr\/kibris-acil-durum-telefon-numaralari\/\"]}]},{\"@type\":\"BreadcrumbList\",\"@id\":\"https:\/\/guidecyprus.com\/tr\/kibris-acil-durum-telefon-numaralari\/#breadcrumb\",\"itemListElement\":[{\"@type\":\"ListItem\",\"position\":1,\"name\":\"Home\",\"item\":\"https:\/\/guidecyprus.com\/tr\/\"},{\"@type\":\"ListItem\",\"position\":2,\"name\":\"K\u0131br\u0131s Acil Durum Telefon Numaralar\u0131\"}]},{\"@type\":\"WebSite\",\"@id\":\"https:\/\/guidecyprus.com\/tr\/#website\",\"url\":\"https:\/\/guidecyprus.com\/tr\/\",\"name\":\"Guide Cyprus\",\"description\":\"All you want to know about Cyprus\",\"potentialAction\":[{\"@type\":\"SearchAction\",\"target\":{\"@type\":\"EntryPoint\",\"urlTemplate\":\"https:\/\/guidecyprus.com\/tr\/?s={search_term_string}\"},\"query-input\":{\"@type\":\"PropertyValueSpecification\",\"valueRequired\":true,\"valueName\":\"search_term_string\"}}],\"inLanguage\":\"tr\"}]}<\/script>\n<!-- \/ Yoast SEO plugin. -->","yoast_head_json":{"title":"K\u0131br\u0131s Acil Durum Telefon Numaralar\u0131 - Guide Cyprus","robots":{"index":"index","follow":"follow","max-snippet":"max-snippet:-1","max-image-preview":"max-image-preview:large","max-video-preview":"max-video-preview:-1"},"canonical":"https:\/\/guidecyprus.com\/tr\/kibris-acil-durum-telefon-numaralari\/","og_locale":"tr_TR","og_type":"article","og_title":"K\u0131br\u0131s Acil Durum Telefon Numaralar\u0131 - Guide Cyprus","og_description":"K\u0131br\u0131s&#8217;ta acil durumlarda gerekli olabilecek polis, itfaiye, ambulans, hastane ve benzeri bir \u00e7ok telefon numaralar\u0131 a\u015fa\u011f\u0131da yer almaktad\u0131r. Polis Acil: 155 Genel: +90 392 228 34 11 Girne: +90 392 815 21 25 Lefko\u015fa: +90 392 288 33 11 Gazima\u011fusa: +90 392 366 53 10 Guzelyurt: +90 392 714 2140 \u0130tfaiye Acil: 199 Orman Yang\u0131n\u0131: 177 Girne: +90 392 815 2111 Lefko\u015fa: +90 392 227 1259 Gazima\u011fusa: +90 392 366 5389 Guzelyurt: +90 392 714 2200 Sahil G\u00fcvenlik Acil: 158 Ambulans Acil: 112 Lefko\u015fa\u00a0Cyprus Life Hospital: 1144 Lefko\u015fa \/ Girne Yak\u0131n Do\u011fu Hospital: 153 Lefko\u015fa \/ Girne Kolan British Hospital:","og_url":"https:\/\/guidecyprus.com\/tr\/kibris-acil-durum-telefon-numaralari\/","og_site_name":"Guide Cyprus","twitter_card":"summary_large_image","twitter_misc":{"Tahmini okuma s\u00fcresi":"1 dakika"},"schema":{"@context":"https:\/\/schema.org","@graph":[{"@type":"WebPage","@id":"https:\/\/guidecyprus.com\/tr\/kibris-acil-durum-telefon-numaralari\/","url":"https:\/\/guidecyprus.com\/tr\/kibris-acil-durum-telefon-numaralari\/","name":"K\u0131br\u0131s Acil Durum Telefon Numaralar\u0131 - Guide Cyprus","isPartOf":{"@id":"https:\/\/guidecyprus.com\/tr\/#website"},"datePublished":"2020-04-05T11:14:15+00:00","breadcrumb":{"@id":"https:\/\/guidecyprus.com\/tr\/kibris-acil-durum-telefon-numaralari\/#breadcrumb"},"inLanguage":"tr","potentialAction":[{"@type":"ReadAction","target":["https:\/\/guidecyprus.com\/tr\/kibris-acil-durum-telefon-numaralari\/"]}]},{"@type":"BreadcrumbList","@id":"https:\/\/guidecyprus.com\/tr\/kibris-acil-durum-telefon-numaralari\/#breadcrumb","itemListElement":[{"@type":"ListItem","position":1,"name":"Home","item":"https:\/\/guidecyprus.com\/tr\/"},{"@type":"ListItem","position":2,"name":"K\u0131br\u0131s Acil Durum Telefon Numaralar\u0131"}]},{"@type":"WebSite","@id":"https:\/\/guidecyprus.com\/tr\/#website","url":"https:\/\/guidecyprus.com\/tr\/","name":"Guide Cyprus","description":"All you want to know about Cyprus","potentialAction":[{"@type":"SearchAction","target":{"@type":"EntryPoint","urlTemplate":"https:\/\/guidecyprus.com\/tr\/?s={search_term_string}"},"query-input":{"@type":"PropertyValueSpecification","valueRequired":true,"valueName":"search_term_string"}}],"inLanguage":"tr"}]}},"_links":{"self":[{"href":"https:\/\/guidecyprus.com\/tr\/wp-json\/wp\/v2\/pages\/22","targetHints":{"allow":["GET"]}}],"collection":[{"href":"https:\/\/guidecyprus.com\/tr\/wp-json\/wp\/v2\/pages"}],"about":[{"href":"https:\/\/guidecyprus.com\/tr\/wp-json\/wp\/v2\/types\/page"}],"author":[{"embeddable":true,"href":"https:\/\/guidecyprus.com\/tr\/wp-json\/wp\/v2\/users\/1"}],"replies":[{"embeddable":true,"href":"https:\/\/guidecyprus.com\/tr\/wp-json\/wp\/v2\/comments?post=22"}],"version-history":[{"count":1,"href":"https:\/\/guidecyprus.com\/tr\/wp-json\/wp\/v2\/pages\/22\/revisions"}],"predecessor-version":[{"id":23,"href":"https:\/\/guidecyprus.com\/tr\/wp-json\/wp\/v2\/pages\/22\/revisions\/23"}],"wp:attachment":[{"href":"https:\/\/guidecyprus.com\/tr\/wp-json\/wp\/v2\/media?parent=22"}],"curies":[{"name":"wp","href":"https:\/\/api.w.org\/{rel}","templated":true}]}}