{"id":20,"date":"2020-04-04T17:17:09","date_gmt":"2020-04-04T17:17:09","guid":{"rendered":"https:\/\/guidecyprus.com\/?page_id=20"},"modified":"2020-04-04T17:17:09","modified_gmt":"2020-04-04T17:17:09","slug":"kibris-casinolari","status":"publish","type":"page","link":"https:\/\/guidecyprus.com\/tr\/kibris-casinolari\/","title":{"rendered":"K\u0131br\u0131s Casinolar\u0131"},"content":{"rendered":"<h2>K\u0131br\u0131s Casinolar\u0131 Hakk\u0131nda<\/h2>\n<p>K\u0131br\u0131s, Akdeniz sular\u0131nda yer alan Kuzey ve G\u00fcney olarak ikiye ayr\u0131lan, daha \u00e7ok Kuzey K\u0131br\u0131s T\u00fcrk Cumhuriyeti b\u00f6lgesinin ihti\u015fam\u0131yla an\u0131lan bir ada \u00fclkesi. Akdeniz\u2019in \u00fc\u00e7\u00fcnc\u00fc b\u00fcy\u00fck adas\u0131 olan K\u0131br\u0131s, mimarisi ve k\u00fclt\u00fcrel y\u00f6n\u00fcyle dikkat \u00e7ekiyor. K\u0131br\u0131s\u2019\u0131n gece hayat\u0131n\u0131n \u0131\u015f\u0131lt\u0131s\u0131 ve <strong>K\u0131br\u0131s Casinolar\u0131<\/strong> e\u011flencenin temelini olu\u015fturan etkinliklerden kabul ediliyor. <strong>K\u0131br\u0131s Casino<\/strong>\u00a0k\u00fclt\u00fcr\u00fc ge\u00e7mi\u015ften bu yana adan\u0131n gelir kayna\u011f\u0131n\u0131n temelinde yer al\u0131yor. K\u0131br\u0131s\u2019a kumarhane i\u00e7in gelen ki\u015filer y\u0131l boyunca <strong>K\u0131br\u0131s Casinolar\u0131<\/strong> ile para kazan\u0131yor, e\u011flenceli anlar ya\u015f\u0131yor.<\/p>\n<p>Kumarhane k\u00fclt\u00fcr\u00fcn\u00fc benimsemi\u015f olan herkesin bir numaral\u0131 adresi olan <strong>K\u0131br\u0131s Casinolar\u0131<\/strong>; Casinolar, canl\u0131 masa oyunlar\u0131, slot ve video poker oyunlar\u0131yla K\u0131br\u0131s\u2019a gelen ziyaret\u00e7ilerini hayal k\u0131r\u0131kl\u0131\u011f\u0131na u\u011fratm\u0131yor. Tamamen e\u011flence ve kumar oyunlar\u0131yla donat\u0131lm\u0131\u015f olan Casinolar, her t\u00fcrl\u00fc e\u011flenceye a\u00e7\u0131k bir \u015fekilde d\u00fczenleniyor. \u0130lk kez K\u0131br\u0131s casinolar\u0131na giden ki\u015filer i\u00e7in yard\u0131mc\u0131 olan g\u00f6revliler, oyunlar\u0131 ve masalar\u0131 tan\u0131tarak bilin\u00e7li bir ziyaret ger\u00e7ekle\u015ftirilmesini sa\u011fl\u0131yor.<\/p>\n<h2>Oyunlar ve Slot Makineleri<\/h2>\n<p>K\u0131br\u0131s\u2019ta say\u0131sal olarak; 12 tane casino, 200\u2019den fazla canl\u0131 masa oyunu, 1200\u2019den fazla slot ve video poker oyununa sahip. Tamamen e\u011flenceli vakit ve para kazanma \u00fczerine odaklanm\u0131\u015f olan casinolarla ilgili daimi ve g\u00fcncel bilgiler Guide Cyprus taraf\u0131ndan s\u00fcrekli olarak sa\u011flan\u0131yor. Guide Cyprus; K\u0131br\u0131s\u2019a tatil, e\u011flence, i\u015f ve kumarhane e\u011flencesi d\u00e2hil olmak \u00fczere her t\u00fcrl\u00fc tematik ziyaretler i\u00e7in rehberlik ediyor, g\u00fcncel bilgiler sunuyor.<\/p>\n<p>K\u0131br\u0131s\u2019a gelenler i\u00e7in unutulmaz bir hat\u0131ra ve deneyim ya\u015fatacak olan <strong>K\u0131br\u0131s kumarhaneleri<\/strong>, kad\u0131n ve erkek ayr\u0131m\u0131 yapmaks\u0131z\u0131n herkese s\u0131n\u0131rs\u0131z hizmet sunuyor. Kumarhanede canl\u0131 masa oyunlar\u0131n\u0131 deneyimlemek, poker oyuncular\u0131n\u0131 g\u00f6zlemleyip oyuna kat\u0131lmak ve bireysel oyunlar oynamak i\u00e7in ilk kez gelenler ve tam bilgi sahibi olmayanlara casino g\u00f6revlileri taraf\u0131ndan \u00f6zel dan\u0131\u015fmanl\u0131k hizmeti sunuluyor.<\/p>\n<p>E\u011flenceli bir K\u0131br\u0131s tatili ve bol kazan\u00e7l\u0131 bir deneyim i\u00e7in <strong>K\u0131br\u0131s Casinolar\u0131<\/strong> sizleri bekliyor. Daha fazla ve g\u00fcncel bilgiler i\u00e7in Guide Cyprus\u2019u takip edin, haberdar olun!<\/p>\n","protected":false},"excerpt":{"rendered":"<p>K\u0131br\u0131s Casinolar\u0131 Hakk\u0131nda K\u0131br\u0131s, Akdeniz sular\u0131nda yer alan Kuzey ve G\u00fcney olarak ikiye ayr\u0131lan, daha \u00e7ok Kuzey K\u0131br\u0131s T\u00fcrk Cumhuriyeti b\u00f6lgesinin ihti\u015fam\u0131yla an\u0131lan bir ada \u00fclkesi. Akdeniz\u2019in \u00fc\u00e7\u00fcnc\u00fc b\u00fcy\u00fck adas\u0131 olan K\u0131br\u0131s, mimarisi ve k\u00fclt\u00fcrel y\u00f6n\u00fcyle dikkat \u00e7ekiyor. K\u0131br\u0131s\u2019\u0131n gece hayat\u0131n\u0131n \u0131\u015f\u0131lt\u0131s\u0131 ve K\u0131br\u0131s Casinolar\u0131 e\u011flencenin temelini olu\u015fturan etkinliklerden kabul ediliyor. K\u0131br\u0131s Casino\u00a0k\u00fclt\u00fcr\u00fc ge\u00e7mi\u015ften bu yana adan\u0131n gelir kayna\u011f\u0131n\u0131n temelinde yer al\u0131yor. K\u0131br\u0131s\u2019a kumarhane i\u00e7in gelen ki\u015filer y\u0131l boyunca K\u0131br\u0131s Casinolar\u0131 ile para kazan\u0131yor, e\u011flenceli anlar ya\u015f\u0131yor. Kumarhane k\u00fclt\u00fcr\u00fcn\u00fc benimsemi\u015f olan herkesin bir numaral\u0131 adresi olan K\u0131br\u0131s Casinolar\u0131; Casinolar, canl\u0131 masa oyunlar\u0131, slot ve video poker oyunlar\u0131yla K\u0131br\u0131s\u2019a gelen ziyaret\u00e7ilerini <\/p>\n","protected":false},"author":1,"featured_media":0,"parent":0,"menu_order":0,"comment_status":"closed","ping_status":"closed","template":"","meta":{"_acf_changed":false,"footnotes":""},"class_list":["post-20","page","type-page","status-publish","hentry"],"acf":[],"yoast_head":"<!-- This site is optimized with the Yoast SEO plugin v26.9 - https:\/\/yoast.com\/product\/yoast-seo-wordpress\/ -->\n<title>K\u0131br\u0131s Casinolar\u0131 - K\u0131br\u0131s Kumarhaneleri - Guide Cyprus - Guide Cyprus<\/title>\n<meta name=\"description\" content=\"K\u0131br\u0131s Casinolar\u0131 k\u00fclt\u00fcr\u00fc ge\u00e7mi\u015ften bu yana adan\u0131n gelir kayna\u011f\u0131n\u0131n temelinde yer al\u0131yor. K\u0131br\u0131s\u2019a kumarhane i\u00e7in gelenler y\u0131l boyunca K\u0131br\u0131s Casinolar\u0131\" \/>\n<meta name=\"robots\" content=\"index, follow, max-snippet:-1, max-image-preview:large, max-video-preview:-1\" \/>\n<link rel=\"canonical\" href=\"https:\/\/guidecyprus.com\/tr\/kibris-casinolari\/\" \/>\n<meta property=\"og:locale\" content=\"tr_TR\" \/>\n<meta property=\"og:type\" content=\"article\" \/>\n<meta property=\"og:title\" content=\"K\u0131br\u0131s Casinolar\u0131 - K\u0131br\u0131s Kumarhaneleri - Guide Cyprus - Guide Cyprus\" \/>\n<meta property=\"og:description\" content=\"K\u0131br\u0131s Casinolar\u0131 k\u00fclt\u00fcr\u00fc ge\u00e7mi\u015ften bu yana adan\u0131n gelir kayna\u011f\u0131n\u0131n temelinde yer al\u0131yor. K\u0131br\u0131s\u2019a kumarhane i\u00e7in gelenler y\u0131l boyunca K\u0131br\u0131s Casinolar\u0131\" \/>\n<meta property=\"og:url\" content=\"https:\/\/guidecyprus.com\/tr\/kibris-casinolari\/\" \/>\n<meta property=\"og:site_name\" content=\"Guide Cyprus\" \/>\n<meta name=\"twitter:card\" content=\"summary_large_image\" \/>\n<meta name=\"twitter:label1\" content=\"Tahmini okuma s\u00fcresi\" \/>\n\t<meta name=\"twitter:data1\" content=\"2 dakika\" \/>\n<script type=\"application\/ld+json\" class=\"yoast-schema-graph\">{\"@context\":\"https:\/\/schema.org\",\"@graph\":[{\"@type\":\"WebPage\",\"@id\":\"https:\/\/guidecyprus.com\/tr\/kibris-casinolari\/\",\"url\":\"https:\/\/guidecyprus.com\/tr\/kibris-casinolari\/\",\"name\":\"K\u0131br\u0131s Casinolar\u0131 - K\u0131br\u0131s Kumarhaneleri - Guide Cyprus - Guide Cyprus\",\"isPartOf\":{\"@id\":\"https:\/\/guidecyprus.com\/tr\/#website\"},\"datePublished\":\"2020-04-04T17:17:09+00:00\",\"description\":\"K\u0131br\u0131s Casinolar\u0131 k\u00fclt\u00fcr\u00fc ge\u00e7mi\u015ften bu yana adan\u0131n gelir kayna\u011f\u0131n\u0131n temelinde yer al\u0131yor. K\u0131br\u0131s\u2019a kumarhane i\u00e7in gelenler y\u0131l boyunca K\u0131br\u0131s Casinolar\u0131\",\"breadcrumb\":{\"@id\":\"https:\/\/guidecyprus.com\/tr\/kibris-casinolari\/#breadcrumb\"},\"inLanguage\":\"tr\",\"potentialAction\":[{\"@type\":\"ReadAction\",\"target\":[\"https:\/\/guidecyprus.com\/tr\/kibris-casinolari\/\"]}]},{\"@type\":\"BreadcrumbList\",\"@id\":\"https:\/\/guidecyprus.com\/tr\/kibris-casinolari\/#breadcrumb\",\"itemListElement\":[{\"@type\":\"ListItem\",\"position\":1,\"name\":\"Home\",\"item\":\"https:\/\/guidecyprus.com\/tr\/\"},{\"@type\":\"ListItem\",\"position\":2,\"name\":\"K\u0131br\u0131s Casinolar\u0131\"}]},{\"@type\":\"WebSite\",\"@id\":\"https:\/\/guidecyprus.com\/tr\/#website\",\"url\":\"https:\/\/guidecyprus.com\/tr\/\",\"name\":\"Guide Cyprus\",\"description\":\"All you want to know about Cyprus\",\"potentialAction\":[{\"@type\":\"SearchAction\",\"target\":{\"@type\":\"EntryPoint\",\"urlTemplate\":\"https:\/\/guidecyprus.com\/tr\/?s={search_term_string}\"},\"query-input\":{\"@type\":\"PropertyValueSpecification\",\"valueRequired\":true,\"valueName\":\"search_term_string\"}}],\"inLanguage\":\"tr\"}]}<\/script>\n<!-- \/ Yoast SEO plugin. -->","yoast_head_json":{"title":"K\u0131br\u0131s Casinolar\u0131 - K\u0131br\u0131s Kumarhaneleri - Guide Cyprus - Guide Cyprus","description":"K\u0131br\u0131s Casinolar\u0131 k\u00fclt\u00fcr\u00fc ge\u00e7mi\u015ften bu yana adan\u0131n gelir kayna\u011f\u0131n\u0131n temelinde yer al\u0131yor. K\u0131br\u0131s\u2019a kumarhane i\u00e7in gelenler y\u0131l boyunca K\u0131br\u0131s Casinolar\u0131","robots":{"index":"index","follow":"follow","max-snippet":"max-snippet:-1","max-image-preview":"max-image-preview:large","max-video-preview":"max-video-preview:-1"},"canonical":"https:\/\/guidecyprus.com\/tr\/kibris-casinolari\/","og_locale":"tr_TR","og_type":"article","og_title":"K\u0131br\u0131s Casinolar\u0131 - K\u0131br\u0131s Kumarhaneleri - Guide Cyprus - Guide Cyprus","og_description":"K\u0131br\u0131s Casinolar\u0131 k\u00fclt\u00fcr\u00fc ge\u00e7mi\u015ften bu yana adan\u0131n gelir kayna\u011f\u0131n\u0131n temelinde yer al\u0131yor. K\u0131br\u0131s\u2019a kumarhane i\u00e7in gelenler y\u0131l boyunca K\u0131br\u0131s Casinolar\u0131","og_url":"https:\/\/guidecyprus.com\/tr\/kibris-casinolari\/","og_site_name":"Guide Cyprus","twitter_card":"summary_large_image","twitter_misc":{"Tahmini okuma s\u00fcresi":"2 dakika"},"schema":{"@context":"https:\/\/schema.org","@graph":[{"@type":"WebPage","@id":"https:\/\/guidecyprus.com\/tr\/kibris-casinolari\/","url":"https:\/\/guidecyprus.com\/tr\/kibris-casinolari\/","name":"K\u0131br\u0131s Casinolar\u0131 - K\u0131br\u0131s Kumarhaneleri - Guide Cyprus - Guide Cyprus","isPartOf":{"@id":"https:\/\/guidecyprus.com\/tr\/#website"},"datePublished":"2020-04-04T17:17:09+00:00","description":"K\u0131br\u0131s Casinolar\u0131 k\u00fclt\u00fcr\u00fc ge\u00e7mi\u015ften bu yana adan\u0131n gelir kayna\u011f\u0131n\u0131n temelinde yer al\u0131yor. K\u0131br\u0131s\u2019a kumarhane i\u00e7in gelenler y\u0131l boyunca K\u0131br\u0131s Casinolar\u0131","breadcrumb":{"@id":"https:\/\/guidecyprus.com\/tr\/kibris-casinolari\/#breadcrumb"},"inLanguage":"tr","potentialAction":[{"@type":"ReadAction","target":["https:\/\/guidecyprus.com\/tr\/kibris-casinolari\/"]}]},{"@type":"BreadcrumbList","@id":"https:\/\/guidecyprus.com\/tr\/kibris-casinolari\/#breadcrumb","itemListElement":[{"@type":"ListItem","position":1,"name":"Home","item":"https:\/\/guidecyprus.com\/tr\/"},{"@type":"ListItem","position":2,"name":"K\u0131br\u0131s Casinolar\u0131"}]},{"@type":"WebSite","@id":"https:\/\/guidecyprus.com\/tr\/#website","url":"https:\/\/guidecyprus.com\/tr\/","name":"Guide Cyprus","description":"All you want to know about Cyprus","potentialAction":[{"@type":"SearchAction","target":{"@type":"EntryPoint","urlTemplate":"https:\/\/guidecyprus.com\/tr\/?s={search_term_string}"},"query-input":{"@type":"PropertyValueSpecification","valueRequired":true,"valueName":"search_term_string"}}],"inLanguage":"tr"}]}},"_links":{"self":[{"href":"https:\/\/guidecyprus.com\/tr\/wp-json\/wp\/v2\/pages\/20","targetHints":{"allow":["GET"]}}],"collection":[{"href":"https:\/\/guidecyprus.com\/tr\/wp-json\/wp\/v2\/pages"}],"about":[{"href":"https:\/\/guidecyprus.com\/tr\/wp-json\/wp\/v2\/types\/page"}],"author":[{"embeddable":true,"href":"https:\/\/guidecyprus.com\/tr\/wp-json\/wp\/v2\/users\/1"}],"replies":[{"embeddable":true,"href":"https:\/\/guidecyprus.com\/tr\/wp-json\/wp\/v2\/comments?post=20"}],"version-history":[{"count":1,"href":"https:\/\/guidecyprus.com\/tr\/wp-json\/wp\/v2\/pages\/20\/revisions"}],"predecessor-version":[{"id":21,"href":"https:\/\/guidecyprus.com\/tr\/wp-json\/wp\/v2\/pages\/20\/revisions\/21"}],"wp:attachment":[{"href":"https:\/\/guidecyprus.com\/tr\/wp-json\/wp\/v2\/media?parent=20"}],"curies":[{"name":"wp","href":"https:\/\/api.w.org\/{rel}","templated":true}]}}