{"id":14,"date":"2020-04-04T17:09:14","date_gmt":"2020-04-04T17:09:14","guid":{"rendered":"https:\/\/guidecyprus.com\/?page_id=14"},"modified":"2020-04-04T17:09:14","modified_gmt":"2020-04-04T17:09:14","slug":"kibris-rehberi-hakkinda","status":"publish","type":"page","link":"https:\/\/guidecyprus.com\/tr\/kibris-rehberi-hakkinda\/","title":{"rendered":"K\u0131br\u0131s Rehberi Hakk\u0131nda"},"content":{"rendered":"<h2><strong>K\u0131br\u0131s Rehberi Hakk\u0131nda<\/strong><\/h2>\n<p>Akdeniz\u2019in en parlak denizinin ortas\u0131nda masmavi ve yemye\u015fil bir ada hayat\u0131 ile\u00a0her sezon ayr\u0131 g\u00fczellikler vadediyor. Y\u0131l boyunca yerli ve yabanc\u0131 turistleri a\u011f\u0131rlayan K\u0131br\u0131s, \u00f6zellikle yaz sezonu a\u00e7\u0131ld\u0131\u011f\u0131nda d\u00fcnyan\u0131n d\u00f6rt bir yan\u0131nda b\u00fcy\u00fck bir turist yo\u011funlu\u011fuyla kar\u015f\u0131la\u015f\u0131yor. Akdeniz\u2019in en b\u00fcy\u00fck \u00fc\u00e7\u00fcnc\u00fc adas\u0131 ve turizmin odak merkezlerinden biri kabul olarak ediliyor. K\u0131br\u0131s\u2019\u0131n ye\u015fil iklimi, temiz ve mavi denizi aday\u0131 adeta cazibe merkezi haline getiriyor. Her sene d\u00fczenlenen<strong>\u00a0<\/strong>turlar\u00a0ile g\u00fcnl\u00fck, haftal\u0131k ve ayl\u0131k periyotlarla turistlerin K\u0131br\u0131s\u2019\u0131 gezmesini sa\u011flan\u0131yor, K\u0131br\u0131s\u2019\u0131n g\u00fcndelik ya\u015fam\u0131na \u015fahit olmas\u0131n\u0131 sa\u011fl\u0131yor. <strong>K\u0131br\u0131s gezilecek yerler<\/strong> a\u00e7\u0131s\u0131ndan geni\u015f bir yelpazeye sahip. M\u00fczeler, parklar, ormanlar, do\u011fal yap\u0131lar, mimariler ve inan\u00e7 merkezleri ile ziyaret\u00e7ilere keyifli anlar ya\u015fat\u0131yor. <strong>K\u0131br\u0131s k\u00fclt\u00fcr turlar\u0131<\/strong>, yaz ve k\u0131\u015f sezonu boyunca devam eden, adan\u0131n k\u00fclt\u00fcrel mek\u00e2nlar\u0131n\u0131 ke\u015ffetmeye y\u00f6nelik haz\u0131rlanarak \u015fehirlerin k\u00fclt\u00fcrel miraslar\u0131n\u0131n yak\u0131ndan g\u00f6r\u00fclmesini sa\u011fl\u0131yor.<\/p>\n<h2><strong>K\u0131br\u0131s Gece Hayat\u0131 ve Casinolar<\/strong><\/h2>\n<p>Tatile gelen\u00a0herkes adan\u0131n e\u011flenceli gece hayat\u0131n\u0131 ve casino ya\u015fam\u0131n\u0131 deneyimlemeyi tercih ediyor. <strong>K\u0131br\u0131s casino<\/strong> k\u00fclt\u00fcr\u00fc d\u00fcnya \u00e7ap\u0131nda biliniyor ve sadece Casinolar i\u00e7in y\u0131l boyunca binlerce turisti a\u011f\u0131rl\u0131yor. <strong>K\u0131br\u0131s gece hayat\u0131<\/strong>; \u00fcnl\u00fc \u015fark\u0131c\u0131lar\u0131n konserleri, caz festivalleri, amat\u00f6r \u015fark\u0131 gruplar\u0131n\u0131n etkinlikleri ve kafe \u2013 bar konserleri ile desteklenerek tamamen \u0131\u015f\u0131lt\u0131l\u0131 bir e\u011flence sunuyor. Gece hayat\u0131n\u0131n e\u011flencesini sabah\u0131n ilk \u0131\u015f\u0131klar\u0131na kadar ya\u015famak veya <strong>K\u0131br\u0131s casinolar\u0131<\/strong> ile nezih bir ortamda e\u011flenmek adan\u0131n ziyaret\u00e7ilere sundu\u011fu en b\u00fcy\u00fck iki l\u00fcks say\u0131l\u0131yor. <strong>Casino hayat\u0131<\/strong> ve daha fazlas\u0131 i\u00e7in Guidecyprus size en g\u00fcncel bilgileri daimi olarak sunmaktad\u0131r.<\/p>\n<h2><strong>K\u0131br\u0131s Mutfa\u011f\u0131 ve Al\u0131\u015fveri\u015f Rotalar\u0131<\/strong><\/h2>\n<p>K\u0131br\u0131s mutfa\u011f\u0131 leziz yiyeceklere, e\u015fsiz tariflere gebe bir yelpaze sunuyor. Sebze yemeklerinden et yemeklerine kadar geni\u015f bir lezzet haritas\u0131 sunan K\u0131br\u0131s, y\u00f6resel lezzetlere ek olarak d\u00fcnya mutfa\u011f\u0131ndan se\u00e7kiler sunarak konuklar\u0131n\u0131 d\u00fcnyaya a\u00e7\u0131lan bir lezzet yolculu\u011funa \u00e7\u0131kar\u0131yor. Muhte\u015fem K\u0131br\u0131s hellim peyniri, adan\u0131n narenciye \u00fcr\u00fcnleri ve y\u00f6resel i\u00e7kileri ile tam bir ziyaret sunuyor. <strong>K\u0131br\u0131s gezisi<\/strong> s\u00fcresince sokak lokantalar\u0131nda y\u00f6resel lezzetleri ke\u015ffetmek isteyenler i\u00e7in \u015fahane esnaf lokantalar\u0131 bulunuyor.<\/p>\n<p>K\u0131br\u0131s\u2019a tamamen gezi-e\u011flence ve al\u0131\u015fveri\u015f i\u00e7in gelenler i\u00e7in k\u00fc\u00e7\u00fck \u2013 b\u00fcy\u00fck pek \u00e7ok al\u0131\u015fveri\u015f rotas\u0131 bulunuyor. T\u00fcm d\u00fcnya devi markalar\u0131n\u0131n yer ald\u0131\u011f\u0131 al\u0131\u015fveri\u015f merkezleri, adaya \u00f6zel ma\u011fazalar ve k\u00fc\u00e7\u00fck butikler hediyelik e\u015fya almak, ki\u015fiye \u00f6zel \u00fcr\u00fcnler sat\u0131n almak i\u00e7in olduk\u00e7a ideal f\u0131rsatlar sunuyor.<\/p>\n<p>K\u0131br\u0131s&#8217;ta g\u00fczel bir tatil turu ge\u00e7irmek, K\u0131br\u0131s\u2019\u0131 ba\u015ftan sona ke\u015ffetmek i\u00e7in Guidecyprus\u2019u ziyaret ederek geni\u015f bilgiler elde edebilirsiniz. K\u0131br\u0131s ile ilgili g\u00fcncel bilgileri yak\u0131ndan takip edebilmek i\u00e7in bizi takip edebilirsiniz.<\/p>\n","protected":false},"excerpt":{"rendered":"<p>K\u0131br\u0131s Rehberi Hakk\u0131nda Akdeniz\u2019in en parlak denizinin ortas\u0131nda masmavi ve yemye\u015fil bir ada hayat\u0131 ile\u00a0her sezon ayr\u0131 g\u00fczellikler vadediyor. Y\u0131l boyunca yerli ve yabanc\u0131 turistleri a\u011f\u0131rlayan K\u0131br\u0131s, \u00f6zellikle yaz sezonu a\u00e7\u0131ld\u0131\u011f\u0131nda d\u00fcnyan\u0131n d\u00f6rt bir yan\u0131nda b\u00fcy\u00fck bir turist yo\u011funlu\u011fuyla kar\u015f\u0131la\u015f\u0131yor. Akdeniz\u2019in en b\u00fcy\u00fck \u00fc\u00e7\u00fcnc\u00fc adas\u0131 ve turizmin odak merkezlerinden biri kabul olarak ediliyor. K\u0131br\u0131s\u2019\u0131n ye\u015fil iklimi, temiz ve mavi denizi aday\u0131 adeta cazibe merkezi haline getiriyor. Her sene d\u00fczenlenen\u00a0turlar\u00a0ile g\u00fcnl\u00fck, haftal\u0131k ve ayl\u0131k periyotlarla turistlerin K\u0131br\u0131s\u2019\u0131 gezmesini sa\u011flan\u0131yor, K\u0131br\u0131s\u2019\u0131n g\u00fcndelik ya\u015fam\u0131na \u015fahit olmas\u0131n\u0131 sa\u011fl\u0131yor. K\u0131br\u0131s gezilecek yerler a\u00e7\u0131s\u0131ndan geni\u015f bir yelpazeye sahip. M\u00fczeler, parklar, ormanlar, do\u011fal yap\u0131lar, mimariler ve inan\u00e7 <\/p>\n","protected":false},"author":1,"featured_media":0,"parent":0,"menu_order":0,"comment_status":"closed","ping_status":"closed","template":"","meta":{"_acf_changed":false,"footnotes":""},"class_list":["post-14","page","type-page","status-publish","hentry"],"acf":[],"yoast_head":"<!-- This site is optimized with the Yoast SEO plugin v26.9 - https:\/\/yoast.com\/product\/yoast-seo-wordpress\/ -->\n<title>K\u0131br\u0131s Rehberi Hakk\u0131nda - Guide Cyprus<\/title>\n<meta name=\"robots\" content=\"index, follow, max-snippet:-1, max-image-preview:large, max-video-preview:-1\" \/>\n<link rel=\"canonical\" href=\"https:\/\/guidecyprus.com\/tr\/kibris-rehberi-hakkinda\/\" \/>\n<meta property=\"og:locale\" content=\"tr_TR\" \/>\n<meta property=\"og:type\" content=\"article\" \/>\n<meta property=\"og:title\" content=\"K\u0131br\u0131s Rehberi Hakk\u0131nda - Guide Cyprus\" \/>\n<meta property=\"og:description\" content=\"K\u0131br\u0131s Rehberi Hakk\u0131nda Akdeniz\u2019in en parlak denizinin ortas\u0131nda masmavi ve yemye\u015fil bir ada hayat\u0131 ile\u00a0her sezon ayr\u0131 g\u00fczellikler vadediyor. Y\u0131l boyunca yerli ve yabanc\u0131 turistleri a\u011f\u0131rlayan K\u0131br\u0131s, \u00f6zellikle yaz sezonu a\u00e7\u0131ld\u0131\u011f\u0131nda d\u00fcnyan\u0131n d\u00f6rt bir yan\u0131nda b\u00fcy\u00fck bir turist yo\u011funlu\u011fuyla kar\u015f\u0131la\u015f\u0131yor. Akdeniz\u2019in en b\u00fcy\u00fck \u00fc\u00e7\u00fcnc\u00fc adas\u0131 ve turizmin odak merkezlerinden biri kabul olarak ediliyor. K\u0131br\u0131s\u2019\u0131n ye\u015fil iklimi, temiz ve mavi denizi aday\u0131 adeta cazibe merkezi haline getiriyor. Her sene d\u00fczenlenen\u00a0turlar\u00a0ile g\u00fcnl\u00fck, haftal\u0131k ve ayl\u0131k periyotlarla turistlerin K\u0131br\u0131s\u2019\u0131 gezmesini sa\u011flan\u0131yor, K\u0131br\u0131s\u2019\u0131n g\u00fcndelik ya\u015fam\u0131na \u015fahit olmas\u0131n\u0131 sa\u011fl\u0131yor. K\u0131br\u0131s gezilecek yerler a\u00e7\u0131s\u0131ndan geni\u015f bir yelpazeye sahip. M\u00fczeler, parklar, ormanlar, do\u011fal yap\u0131lar, mimariler ve inan\u00e7\" \/>\n<meta property=\"og:url\" content=\"https:\/\/guidecyprus.com\/tr\/kibris-rehberi-hakkinda\/\" \/>\n<meta property=\"og:site_name\" content=\"Guide Cyprus\" \/>\n<meta name=\"twitter:card\" content=\"summary_large_image\" \/>\n<meta name=\"twitter:label1\" content=\"Tahmini okuma s\u00fcresi\" \/>\n\t<meta name=\"twitter:data1\" content=\"3 dakika\" \/>\n<script type=\"application\/ld+json\" class=\"yoast-schema-graph\">{\"@context\":\"https:\/\/schema.org\",\"@graph\":[{\"@type\":\"WebPage\",\"@id\":\"https:\/\/guidecyprus.com\/tr\/kibris-rehberi-hakkinda\/\",\"url\":\"https:\/\/guidecyprus.com\/tr\/kibris-rehberi-hakkinda\/\",\"name\":\"K\u0131br\u0131s Rehberi Hakk\u0131nda - Guide Cyprus\",\"isPartOf\":{\"@id\":\"https:\/\/guidecyprus.com\/tr\/#website\"},\"datePublished\":\"2020-04-04T17:09:14+00:00\",\"breadcrumb\":{\"@id\":\"https:\/\/guidecyprus.com\/tr\/kibris-rehberi-hakkinda\/#breadcrumb\"},\"inLanguage\":\"tr\",\"potentialAction\":[{\"@type\":\"ReadAction\",\"target\":[\"https:\/\/guidecyprus.com\/tr\/kibris-rehberi-hakkinda\/\"]}]},{\"@type\":\"BreadcrumbList\",\"@id\":\"https:\/\/guidecyprus.com\/tr\/kibris-rehberi-hakkinda\/#breadcrumb\",\"itemListElement\":[{\"@type\":\"ListItem\",\"position\":1,\"name\":\"Home\",\"item\":\"https:\/\/guidecyprus.com\/tr\/\"},{\"@type\":\"ListItem\",\"position\":2,\"name\":\"K\u0131br\u0131s Rehberi Hakk\u0131nda\"}]},{\"@type\":\"WebSite\",\"@id\":\"https:\/\/guidecyprus.com\/tr\/#website\",\"url\":\"https:\/\/guidecyprus.com\/tr\/\",\"name\":\"Guide Cyprus\",\"description\":\"All you want to know about Cyprus\",\"potentialAction\":[{\"@type\":\"SearchAction\",\"target\":{\"@type\":\"EntryPoint\",\"urlTemplate\":\"https:\/\/guidecyprus.com\/tr\/?s={search_term_string}\"},\"query-input\":{\"@type\":\"PropertyValueSpecification\",\"valueRequired\":true,\"valueName\":\"search_term_string\"}}],\"inLanguage\":\"tr\"}]}<\/script>\n<!-- \/ Yoast SEO plugin. -->","yoast_head_json":{"title":"K\u0131br\u0131s Rehberi Hakk\u0131nda - Guide Cyprus","robots":{"index":"index","follow":"follow","max-snippet":"max-snippet:-1","max-image-preview":"max-image-preview:large","max-video-preview":"max-video-preview:-1"},"canonical":"https:\/\/guidecyprus.com\/tr\/kibris-rehberi-hakkinda\/","og_locale":"tr_TR","og_type":"article","og_title":"K\u0131br\u0131s Rehberi Hakk\u0131nda - Guide Cyprus","og_description":"K\u0131br\u0131s Rehberi Hakk\u0131nda Akdeniz\u2019in en parlak denizinin ortas\u0131nda masmavi ve yemye\u015fil bir ada hayat\u0131 ile\u00a0her sezon ayr\u0131 g\u00fczellikler vadediyor. Y\u0131l boyunca yerli ve yabanc\u0131 turistleri a\u011f\u0131rlayan K\u0131br\u0131s, \u00f6zellikle yaz sezonu a\u00e7\u0131ld\u0131\u011f\u0131nda d\u00fcnyan\u0131n d\u00f6rt bir yan\u0131nda b\u00fcy\u00fck bir turist yo\u011funlu\u011fuyla kar\u015f\u0131la\u015f\u0131yor. Akdeniz\u2019in en b\u00fcy\u00fck \u00fc\u00e7\u00fcnc\u00fc adas\u0131 ve turizmin odak merkezlerinden biri kabul olarak ediliyor. K\u0131br\u0131s\u2019\u0131n ye\u015fil iklimi, temiz ve mavi denizi aday\u0131 adeta cazibe merkezi haline getiriyor. Her sene d\u00fczenlenen\u00a0turlar\u00a0ile g\u00fcnl\u00fck, haftal\u0131k ve ayl\u0131k periyotlarla turistlerin K\u0131br\u0131s\u2019\u0131 gezmesini sa\u011flan\u0131yor, K\u0131br\u0131s\u2019\u0131n g\u00fcndelik ya\u015fam\u0131na \u015fahit olmas\u0131n\u0131 sa\u011fl\u0131yor. K\u0131br\u0131s gezilecek yerler a\u00e7\u0131s\u0131ndan geni\u015f bir yelpazeye sahip. M\u00fczeler, parklar, ormanlar, do\u011fal yap\u0131lar, mimariler ve inan\u00e7","og_url":"https:\/\/guidecyprus.com\/tr\/kibris-rehberi-hakkinda\/","og_site_name":"Guide Cyprus","twitter_card":"summary_large_image","twitter_misc":{"Tahmini okuma s\u00fcresi":"3 dakika"},"schema":{"@context":"https:\/\/schema.org","@graph":[{"@type":"WebPage","@id":"https:\/\/guidecyprus.com\/tr\/kibris-rehberi-hakkinda\/","url":"https:\/\/guidecyprus.com\/tr\/kibris-rehberi-hakkinda\/","name":"K\u0131br\u0131s Rehberi Hakk\u0131nda - Guide Cyprus","isPartOf":{"@id":"https:\/\/guidecyprus.com\/tr\/#website"},"datePublished":"2020-04-04T17:09:14+00:00","breadcrumb":{"@id":"https:\/\/guidecyprus.com\/tr\/kibris-rehberi-hakkinda\/#breadcrumb"},"inLanguage":"tr","potentialAction":[{"@type":"ReadAction","target":["https:\/\/guidecyprus.com\/tr\/kibris-rehberi-hakkinda\/"]}]},{"@type":"BreadcrumbList","@id":"https:\/\/guidecyprus.com\/tr\/kibris-rehberi-hakkinda\/#breadcrumb","itemListElement":[{"@type":"ListItem","position":1,"name":"Home","item":"https:\/\/guidecyprus.com\/tr\/"},{"@type":"ListItem","position":2,"name":"K\u0131br\u0131s Rehberi Hakk\u0131nda"}]},{"@type":"WebSite","@id":"https:\/\/guidecyprus.com\/tr\/#website","url":"https:\/\/guidecyprus.com\/tr\/","name":"Guide Cyprus","description":"All you want to know about Cyprus","potentialAction":[{"@type":"SearchAction","target":{"@type":"EntryPoint","urlTemplate":"https:\/\/guidecyprus.com\/tr\/?s={search_term_string}"},"query-input":{"@type":"PropertyValueSpecification","valueRequired":true,"valueName":"search_term_string"}}],"inLanguage":"tr"}]}},"_links":{"self":[{"href":"https:\/\/guidecyprus.com\/tr\/wp-json\/wp\/v2\/pages\/14","targetHints":{"allow":["GET"]}}],"collection":[{"href":"https:\/\/guidecyprus.com\/tr\/wp-json\/wp\/v2\/pages"}],"about":[{"href":"https:\/\/guidecyprus.com\/tr\/wp-json\/wp\/v2\/types\/page"}],"author":[{"embeddable":true,"href":"https:\/\/guidecyprus.com\/tr\/wp-json\/wp\/v2\/users\/1"}],"replies":[{"embeddable":true,"href":"https:\/\/guidecyprus.com\/tr\/wp-json\/wp\/v2\/comments?post=14"}],"version-history":[{"count":1,"href":"https:\/\/guidecyprus.com\/tr\/wp-json\/wp\/v2\/pages\/14\/revisions"}],"predecessor-version":[{"id":15,"href":"https:\/\/guidecyprus.com\/tr\/wp-json\/wp\/v2\/pages\/14\/revisions\/15"}],"wp:attachment":[{"href":"https:\/\/guidecyprus.com\/tr\/wp-json\/wp\/v2\/media?parent=14"}],"curies":[{"name":"wp","href":"https:\/\/api.w.org\/{rel}","templated":true}]}}